{"id":81,"date":"2020-07-22T15:58:27","date_gmt":"2020-07-22T13:58:27","guid":{"rendered":"http:\/\/www.conservation-justice.org\/?page_id=81"},"modified":"2025-09-16T08:25:44","modified_gmt":"2025-09-16T06:25:44","slug":"accueil","status":"publish","type":"page","link":"https:\/\/www.conservation-justice.org\/fr\/","title":{"rendered":"Accueil"},"content":{"rendered":"<section class=\"about\">\r\n    <div class=\"row\">\r\n        <div class=\"col-lg-6\">\r\n            <span class=\"title--pretitle\">A propos<\/span>\r\n            <h1 class=\"big\">Qui sommes-nous?<\/h1>\r\n        <\/div>\r\n    <\/div>\r\n    <div class=\"row big\">\r\n        <div class=\"col-lg-6\">\r\n            <img decoding=\"async\" src=\"https:\/\/www.conservation-justice.org\/wp-content\/uploads\/2020\/07\/home_1.jpg\" alt=\"\">\r\n        <\/div>\r\n        <div class=\"col-lg-5 offset-lg-1\">\r\n            <p class=\"big\">Conservation Justice est une ASBL belge qui a pour vocation de prot\u00e9ger la faune et les for\u00eats gabonaises tout en impliquant activement les communaut\u00e9s locales.  \nUn projet de lutte contre le trafic de faune a d&#8217;abord \u00e9t\u00e9 lanc\u00e9 en 2011 avec des r\u00e9sultats importants.\nUn deuxi\u00e8me volet d\u00e9velopp\u00e9 est la lutte contre l\u2019exploitation foresti\u00e8re ill\u00e9gale, en impliquant activement les communaut\u00e9s rurales.\nConservation Justice renforce les droits des communaut\u00e9s en les soutenant dans la gestion des For\u00eats Communautaires et le suivi des Cahiers des Charges Contractuelles. Ce m\u00e9canisme permet aux communaut\u00e9s de b\u00e9n\u00e9ficier de Fonds de D\u00e9veloppement Local financ\u00e9 par les soci\u00e9t\u00e9s foresti\u00e8res. Les \u00e9quipes juridiques de Conservation Justice appuient les communaut\u00e9s pour qu&#8217;elles b\u00e9n\u00e9ficient de ces fonds et que des projets de d\u00e9veloppement local soient mis en oeuvre.\nConservation Justice soutient \u00e9galement les communaut\u00e9s locales pour qu&#8217;elles b\u00e9n\u00e9ficient de l&#8217;installation de barri\u00e8res \u00e9lectriques prot\u00e9geant leurs plantations agricoles vis-\u00e0-vis des d\u00e9g\u00e2ts occasionn\u00e9s par les \u00e9l\u00e9phants.\nFinalement, Conservation Justice d\u00e9veloppe des activit\u00e9s d&#8217;\u00e9ducation environnementale en milieu scolaire. Plus de 10 000 enfants sont ainsi sensibilis\u00e9s chaque ann\u00e9e \u00e0 l&#8217;importance de la faune et des for\u00eats. <\/p>\r\n                        <a href=\"https:\/\/www.conservation-justice.org\/fr\/a-propos-de-conservation-justice\/\" class=\"btn btn--border btn--icon\">En savoir plus<svg class=\"icon\"><use xlink:href=\"#arrow\"><\/use><\/svg><\/a>\r\n        <\/div>\r\n    <\/div>\r\n    <div class=\"row smalls\">\r\n        <div class=\"col-lg-4 offset-lg-1 first\">\r\n            <img decoding=\"async\" src=\"https:\/\/www.conservation-justice.org\/wp-content\/uploads\/2020\/07\/home_3.jpg\" alt=\"\">\r\n        <\/div>\r\n        <div class=\"col-lg-5 last\">\r\n            <img decoding=\"async\" src=\"https:\/\/www.conservation-justice.org\/wp-content\/uploads\/2025\/09\/IMG-20250228-WA0109-e1756998918725.jpg\" alt=\"\">\r\n            <img decoding=\"async\" src=\"https:\/\/www.conservation-justice.org\/wp-content\/uploads\/2020\/07\/home_4.jpg\" alt=\"\">\r\n        <\/div>\r\n    <\/div>\r\n<\/section>\r\n\n\n<section class=\"objectives\">\n    <img decoding=\"async\" src=\"https:\/\/www.conservation-justice.org\/wp-content\/themes\/cj\/assets\/img\/map_bg.png\" alt=\"\">\n    <div class=\"row\">\n        <div class=\"col-lg-4\">\n            <span class=\"title--pretitle\">Nos objectifs<\/span>\n            <h1>Approches et activit\u00e9s<\/h1>\n        <\/div>\n    <\/div>\n    <div class=\"row points\">\n        <div class=\"col-lg-9 offset-lg-3\">\n            <div class=\"row\">\n                                <article class=\"col-md-6 col-lg-4 offset-lg-4 point\">\n                        <img decoding=\"async\" src=\"https:\/\/www.conservation-justice.org\/wp-content\/uploads\/2020\/07\/icon_investigation.png\" alt=\"\">\n                        <span>01<\/span>\n                        <h4>Investigations<\/h4>\n                        <p><p>Identifier \u00e0 grande \u00e9chelle les trafiquants de faune et les exploitants forestiers ill\u00e9gaux.<\/p><\/p>\n                    <\/article>\n                                    <article class=\"col-md-6 col-lg-4  point\">\n                        <img decoding=\"async\" src=\"https:\/\/www.conservation-justice.org\/wp-content\/uploads\/2020\/07\/icon_operation.png\" alt=\"\">\n                        <span>02<\/span>\n                        <h4>Op\u00e9rations<\/h4>\n                        <p><p>Appuyer l\u2019arrestation des trafiquants et exploitants forestiers ill\u00e9gaux.<\/p><\/p>\n                    <\/article>\n                                    <article class=\"col-md-6 col-lg-4  point\">\n                        <img decoding=\"async\" src=\"https:\/\/www.conservation-justice.org\/wp-content\/uploads\/2020\/07\/icon_juridique.png\" alt=\"\">\n                        <span>03<\/span>\n                        <h4>Assistance juridique<\/h4>\n                        <p><p>Appuyer les poursuites en justice et s\u2019assurer de l\u2019ex\u00e9cution des d\u00e9cisions rendues.<\/p><\/p>\n                    <\/article>\n                                    <article class=\"col-md-6 col-lg-4  point\">\n                        <img decoding=\"async\" src=\"https:\/\/www.conservation-justice.org\/wp-content\/uploads\/2020\/07\/icon_media.png\" alt=\"\">\n                        <span>04<\/span>\n                        <h4>M\u00e9diatisation<\/h4>\n                        <p><p>Attirer l\u2019attention du public sur l\u2019application effective de la loi faunique et foresti\u00e8re et sur les risques encourus.<\/p><\/p>\n                    <\/article>\n                                    <article class=\"col-md-6 col-lg-4  point\">\n                        <img decoding=\"async\" src=\"https:\/\/www.conservation-justice.org\/wp-content\/uploads\/2020\/07\/icon_formation.png\" alt=\"\">\n                        <span>05<\/span>\n                        <h4>Communaut\u00e9s<\/h4>\n                        <p><p>Soutenir les communaut\u00e9s locales vis-\u00e0-vis de l\u2019exploitation foresti\u00e8re ill\u00e9gale et du conflit Homme- El\u00e9phant et d\u00e9velopper un programme d&#8217;\u00e9ducation environnementale en milieu scolaire.<\/p><\/p>\n                    <\/article>\n                            <\/div>\n        <\/div>\n    <\/div>\n<\/section>","protected":false},"excerpt":{"rendered":"","protected":false},"author":1,"featured_media":1133,"parent":0,"menu_order":0,"comment_status":"closed","ping_status":"closed","template":"","meta":{"footnotes":""},"class_list":["post-81","page","type-page","status-publish","has-post-thumbnail","hentry"],"_links":{"self":[{"href":"https:\/\/www.conservation-justice.org\/fr\/wp-json\/wp\/v2\/pages\/81","targetHints":{"allow":["GET"]}}],"collection":[{"href":"https:\/\/www.conservation-justice.org\/fr\/wp-json\/wp\/v2\/pages"}],"about":[{"href":"https:\/\/www.conservation-justice.org\/fr\/wp-json\/wp\/v2\/types\/page"}],"author":[{"embeddable":true,"href":"https:\/\/www.conservation-justice.org\/fr\/wp-json\/wp\/v2\/users\/1"}],"replies":[{"embeddable":true,"href":"https:\/\/www.conservation-justice.org\/fr\/wp-json\/wp\/v2\/comments?post=81"}],"version-history":[{"count":22,"href":"https:\/\/www.conservation-justice.org\/fr\/wp-json\/wp\/v2\/pages\/81\/revisions"}],"predecessor-version":[{"id":4961,"href":"https:\/\/www.conservation-justice.org\/fr\/wp-json\/wp\/v2\/pages\/81\/revisions\/4961"}],"wp:featuredmedia":[{"embeddable":true,"href":"https:\/\/www.conservation-justice.org\/fr\/wp-json\/wp\/v2\/media\/1133"}],"wp:attachment":[{"href":"https:\/\/www.conservation-justice.org\/fr\/wp-json\/wp\/v2\/media?parent=81"}],"curies":[{"name":"wp","href":"https:\/\/api.w.org\/{rel}","templated":true}]}}