{"id":31,"date":"2020-07-22T11:02:22","date_gmt":"2020-07-22T09:02:22","guid":{"rendered":"http:\/\/www.conservation-justice.org\/?page_id=31"},"modified":"2021-09-08T21:51:55","modified_gmt":"2021-09-08T19:51:55","slug":"memento-juridique","status":"publish","type":"page","link":"https:\/\/www.conservation-justice.org\/fr\/documents\/memento-juridique\/","title":{"rendered":"M\u00e9mento juridique"},"content":{"rendered":"\n<h3 class=\"wp-block-heading\">Guide juridique sur la l\u00e9gislation faunique au Gabon<\/h3>\n\n\n\n<p>Une analyse juridique des textes en vigueur en R\u00e9publique du Gabon et relatifs \u00e0 la protection de la faune:<\/p>\n\n\n<section class=\"links\">\r\n                <a href=\"http:\/\/www.conservation-justice.org\/wp-content\/uploads\/2021\/09\/Guidejuridique-Gabon-FINAL-1.pdf\" target=\"_blank\" class=\"links--element\">\r\n                <div class=\"inner\">\r\n                    <span class=\"labeled\"><svg class=\"icon\"><use xlink:href=\"#doc\"><\/use><\/svg>.PDF<\/span>\r\n                    <span class=\"title\">Guide Juridique Gabon CJ<\/span>\r\n                <\/div>\r\n                <svg class=\"icon\"><use xlink:href=\"#download\"><\/use><\/svg>\r\n            <\/a>\r\n                    <a href=\"http:\/\/www.conservation-justice.org\/wp-content\/uploads\/2021\/09\/Gabon-CITES.pdf\" target=\"_blank\" class=\"links--element\">\r\n                <div class=\"inner\">\r\n                    <span class=\"labeled\"><svg class=\"icon\"><use xlink:href=\"#doc\"><\/use><\/svg>.PDF<\/span>\r\n                    <span class=\"title\">Guide CITES Gabon CJ<\/span>\r\n                <\/div>\r\n                <svg class=\"icon\"><use xlink:href=\"#download\"><\/use><\/svg>\r\n            <\/a>\r\n        <\/section>","protected":false},"excerpt":{"rendered":"Guide juridique sur la l\u00e9gislation faunique au Gabon Une analyse juridique des textes en vigueur en R\u00e9publique du Gabon et relatifs \u00e0 la protection de la faune:","protected":false},"author":1,"featured_media":726,"parent":11,"menu_order":0,"comment_status":"closed","ping_status":"closed","template":"","meta":{"footnotes":""},"class_list":["post-31","page","type-page","status-publish","has-post-thumbnail","hentry"],"_links":{"self":[{"href":"https:\/\/www.conservation-justice.org\/fr\/wp-json\/wp\/v2\/pages\/31","targetHints":{"allow":["GET"]}}],"collection":[{"href":"https:\/\/www.conservation-justice.org\/fr\/wp-json\/wp\/v2\/pages"}],"about":[{"href":"https:\/\/www.conservation-justice.org\/fr\/wp-json\/wp\/v2\/types\/page"}],"author":[{"embeddable":true,"href":"https:\/\/www.conservation-justice.org\/fr\/wp-json\/wp\/v2\/users\/1"}],"replies":[{"embeddable":true,"href":"https:\/\/www.conservation-justice.org\/fr\/wp-json\/wp\/v2\/comments?post=31"}],"version-history":[{"count":8,"href":"https:\/\/www.conservation-justice.org\/fr\/wp-json\/wp\/v2\/pages\/31\/revisions"}],"predecessor-version":[{"id":3975,"href":"https:\/\/www.conservation-justice.org\/fr\/wp-json\/wp\/v2\/pages\/31\/revisions\/3975"}],"up":[{"embeddable":true,"href":"https:\/\/www.conservation-justice.org\/fr\/wp-json\/wp\/v2\/pages\/11"}],"wp:featuredmedia":[{"embeddable":true,"href":"https:\/\/www.conservation-justice.org\/fr\/wp-json\/wp\/v2\/media\/726"}],"wp:attachment":[{"href":"https:\/\/www.conservation-justice.org\/fr\/wp-json\/wp\/v2\/media?parent=31"}],"curies":[{"name":"wp","href":"https:\/\/api.w.org\/{rel}","templated":true}]}}