{"id":191,"date":"2020-07-23T14:50:06","date_gmt":"2020-07-23T12:50:06","guid":{"rendered":"http:\/\/www.conservation-justice.org\/?page_id=191"},"modified":"2025-09-04T15:58:07","modified_gmt":"2025-09-04T13:58:07","slug":"departements","status":"publish","type":"page","link":"https:\/\/www.conservation-justice.org\/fr\/departements\/","title":{"rendered":"D\u00e9partements"},"content":{"rendered":"\n<blockquote class=\"wp-block-quote is-layout-flow wp-block-quote-is-layout-flow\"><p>Conservation Justice travaille pour am\u00e9liorer le niveau d\u2019application de la loi faunique et foresti\u00e8re \u00e0 travers une approche pragmatique d\u00e9velopp\u00e9e autour de cinq d\u00e9partements. Cela b\u00e9n\u00e9ficie directement a la faune, aux for\u00eats et aux communaut\u00e9s locales.<\/p><\/blockquote>\n\n\n\n<h3 class=\"wp-block-heading\">Enqu\u00eates<\/h3>\n\n\n\n<p>Les enqu\u00eateurs et les informateurs collectent les informations afin d\u2019arr\u00eater les trafiquants en flagrant d\u00e9lit. Cela concerne les cas de trafic de faune mais \u00e9galement d&#8217;exploitation foresti\u00e8re ill\u00e9gale, qui impactent directement les communaut\u00e9s locales.<\/p>\n\n\n\n<h3 class=\"wp-block-heading\">Op\u00e9rations<\/h3>\n\n\n\n<p>Une assistance technique est fournie aux forces de l\u2019ordre dans l\u2019arrestation des d\u00e9linquants et l\u2019acheminement des plaintes devant les juridictions.<\/p>\n\n\n\n<h3 class=\"wp-block-heading\">Assistance juridique<\/h3>\n\n\n\n<p>Une cellule juridique assure le suivi juridique des proc\u00e9dures judiciaires initi\u00e9es avec le Minist\u00e8re de tutelle. Ce suivi est assur\u00e9 depuis l\u2019arrestation jusqu\u2019\u00e0 l\u2019emprisonnement.<\/p>\n\n\n\n<p>Le d\u00e9partement juridique appuie \u00e9galement les communaut\u00e9s vis-\u00e0-vis de leurs plaintes contre des exploitants forestiers ill\u00e9gaux et en mati\u00e8re de d\u00e9g\u00e2ts occasionn\u00e9s par les \u00e9l\u00e9phants dans leurs plantations agricoles.<\/p>\n\n\n\n<h3 class=\"wp-block-heading\">M\u00e9dias<\/h3>\n\n\n\n<p>Un journaliste sp\u00e9cifique transmet des informations sur les r\u00e9sultats obtenus aux organes de presse (t\u00e9l\u00e9vision, radio nationale et presse \u00e9crite). Les m\u00e9dias nationaux informent le public sur l\u2019application effective de la loi, ce qui assure l\u2019information du public par rapport \u00e0 la l\u00e9gislation et aux risques encourus.<\/p>\n\n\n\n<h3 class=\"wp-block-heading\">Communautaire<\/h3>\n\n\n\n<p>Le d\u00e9partement communautaire travaille en permanence avec les communaut\u00e9s locales et les appuie en mati\u00e8re d&#8217;exploitation foresti\u00e8re ill\u00e9gale et de conflit homme-faune. Un accent particulier est mis sur les Cahiers des Charges Contractuelles et les For\u00eats Communautaires, d&#8217;une part, et sur l&#8217;installation et le suivi de barri\u00e8res \u00e9lectrique prot\u00e9geants les plantations agricoles vis-\u00e0-vis des \u00e9l\u00e9phants, d&#8217;autre part.<\/p>\n\n\n\n<p>Un programme d&#8217;\u00e9ducation environnementale est \u00e9galement d\u00e9velopp\u00e9 dans des \u00e9coles au b\u00e9n\u00e9ficie de plus de 10.000 enfants chaque ann\u00e9e.<\/p>\n","protected":false},"excerpt":{"rendered":"Conservation Justice travaille pour am\u00e9liorer le niveau d\u2019application de la loi faunique et foresti\u00e8re \u00e0 travers une approche pragmatique d\u00e9velopp\u00e9e autour de cinq d\u00e9partements. Cela b\u00e9n\u00e9ficie directement a la faune, aux for\u00eats et aux communaut\u00e9s locales. Enqu\u00eates Les enqu\u00eateurs et les informateurs collectent les informations afin d\u2019arr\u00eater les trafiquants en flagrant d\u00e9lit. Cela concerne les [&hellip;]","protected":false},"author":1,"featured_media":192,"parent":0,"menu_order":0,"comment_status":"closed","ping_status":"closed","template":"","meta":{"footnotes":""},"class_list":["post-191","page","type-page","status-publish","has-post-thumbnail","hentry"],"_links":{"self":[{"href":"https:\/\/www.conservation-justice.org\/fr\/wp-json\/wp\/v2\/pages\/191","targetHints":{"allow":["GET"]}}],"collection":[{"href":"https:\/\/www.conservation-justice.org\/fr\/wp-json\/wp\/v2\/pages"}],"about":[{"href":"https:\/\/www.conservation-justice.org\/fr\/wp-json\/wp\/v2\/types\/page"}],"author":[{"embeddable":true,"href":"https:\/\/www.conservation-justice.org\/fr\/wp-json\/wp\/v2\/users\/1"}],"replies":[{"embeddable":true,"href":"https:\/\/www.conservation-justice.org\/fr\/wp-json\/wp\/v2\/comments?post=191"}],"version-history":[{"count":17,"href":"https:\/\/www.conservation-justice.org\/fr\/wp-json\/wp\/v2\/pages\/191\/revisions"}],"predecessor-version":[{"id":4830,"href":"https:\/\/www.conservation-justice.org\/fr\/wp-json\/wp\/v2\/pages\/191\/revisions\/4830"}],"wp:featuredmedia":[{"embeddable":true,"href":"https:\/\/www.conservation-justice.org\/fr\/wp-json\/wp\/v2\/media\/192"}],"wp:attachment":[{"href":"https:\/\/www.conservation-justice.org\/fr\/wp-json\/wp\/v2\/media?parent=191"}],"curies":[{"name":"wp","href":"https:\/\/api.w.org\/{rel}","templated":true}]}}