{"id":103,"date":"2020-07-23T10:38:22","date_gmt":"2020-07-23T08:38:22","guid":{"rendered":"http:\/\/www.conservation-justice.org\/?page_id=103"},"modified":"2020-07-24T10:59:57","modified_gmt":"2020-07-24T08:59:57","slug":"trafic-de-produits-fauniques-proteges","status":"publish","type":"page","link":"https:\/\/www.conservation-justice.org\/fr\/trafic-de-produits-fauniques-proteges\/","title":{"rendered":"Trafic de produits fauniques prot\u00e9g\u00e9s"},"content":{"rendered":"\n<p>L\u2019importance pour l\u2019humanit\u00e9 des for\u00eats tropicales et des esp\u00e8ces fauniques qu\u2019elles renferment est \u00e9vidente, comme l\u2019attestent notamment les plans d\u2019actions r\u00e9gionaux et l\u2019existence de projets internationaux multiples \u0153uvrant pour la conservation des \u00e9l\u00e9phants, grands singes et autres esp\u00e8ces embl\u00e9matiques menac\u00e9es.<\/p>\n\n\n\n<div class=\"wp-block-image\"><figure class=\"alignleft size-large\"><img loading=\"lazy\" decoding=\"async\" width=\"255\" height=\"170\" src=\"http:\/\/www.conservation-justice.org\/wp-content\/uploads\/2020\/07\/content_1.jpg\" alt=\"\" class=\"wp-image-104\"\/><figcaption>Gorille orphelin (Congo)<\/figcaption><\/figure><\/div>\n\n\n\n<p>La reconnaissance de la situation critique des \u00e9l\u00e9phants et grands singes et de leur r\u00f4le dans la r\u00e9g\u00e9n\u00e9ration de la for\u00eat tropicale, combin\u00e9e \u00e0 la prise de conscience internationale de la perte inestimable que constituerait la disparition de ces esp\u00e8ces embl\u00e9matiques et des secrets qu\u2019elles rec\u00e8lent (notamment d\u2019un point de vue m\u00e9dical, phylog\u00e9n\u00e9tique ou \u00e9cologique en tant que diss\u00e9minateur de graines) a conduit au lancement de plusieurs initiatives d\u2019envergure de la part de divers bailleurs et partenaires \u00e9tatiques ou non (GRASP, UICN, CARPE, COMIFAC,\u2026).<\/p>\n\n\n\n<div class=\"wp-block-image\"><figure class=\"alignright size-large\"><img loading=\"lazy\" decoding=\"async\" width=\"255\" height=\"190\" src=\"http:\/\/www.conservation-justice.org\/wp-content\/uploads\/2020\/07\/content_2.jpg\" alt=\"\" class=\"wp-image-106\"\/><figcaption>5 tonnes d\u2019ivoire saisis br\u00fbl\u00e9s (Gabon)<\/figcaption><\/figure><\/div>\n\n\n\n<p>Les ONG \u0153uvrant dans ce sens sont nombreuses et multiplient les efforts pour pr\u00e9server les esp\u00e8ces menac\u00e9es d\u2019extinction. Malheureusement, force est de constater que les esp\u00e8ces embl\u00e9matiques menac\u00e9es le sont toujours davantage et que de nombreuses populations sont en voie d\u2019extinction. La chasse ill\u00e9gale est la menace la plus imm\u00e9diate pour plusieurs populations de grands singes et \u00e9l\u00e9phants en Afrique centrale.<\/p>\n\n\n\n<p>Quoique les dispositions des lois nationales et internationales interdisent de tuer ces animaux, la faible application de la loi n\u2019a pas r\u00e9ellement modifi\u00e9 la donne. En cons\u00e9quence, la chasse et le commerce d\u2019esp\u00e8ces prot\u00e9g\u00e9es pour leur viande, troph\u00e9es, ivoire, peaux et pour les b\u00e9b\u00e9s captur\u00e9s vivants se poursuivent souvent librement. En particulier, la demande asisatique d\u2019ivoire demeure consid\u00e9rable, notamment pour la fourniture de hankos (tampon japonais), \u00ab baguettes \u00bb, statuettes, bijoux,\u2026<\/p>\n\n\n\n<div class=\"wp-block-image full\"><figure class=\"aligncenter size-large\"><img loading=\"lazy\" decoding=\"async\" width=\"665\" height=\"498\" src=\"http:\/\/www.conservation-justice.org\/wp-content\/uploads\/2020\/07\/content_3.jpg\" alt=\"\" class=\"wp-image-108\" srcset=\"https:\/\/www.conservation-justice.org\/wp-content\/uploads\/2020\/07\/content_3.jpg 665w, https:\/\/www.conservation-justice.org\/wp-content\/uploads\/2020\/07\/content_3-300x225.jpg 300w\" sizes=\"auto, (max-width: 665px) 100vw, 665px\" \/><figcaption>\u00abBaguettes\u00bb pour le march\u00e9 asiatique (Cameroun)<\/figcaption><\/figure><\/div>\n\n\n\n<p>R\u00e9pondant \u00e0 cette demande, des r\u00e9seaux criminels nationaux et internationaux organisent l\u2019abattage d\u2019\u00e9l\u00e9phants ainsi que le commerce et le transport de leur ivoire.<\/p>\n","protected":false},"excerpt":{"rendered":"L\u2019importance pour l\u2019humanit\u00e9 des for\u00eats tropicales et des esp\u00e8ces fauniques qu\u2019elles renferment est \u00e9vidente, comme l\u2019attestent notamment les plans d\u2019actions r\u00e9gionaux et l\u2019existence de projets internationaux multiples \u0153uvrant pour la conservation des \u00e9l\u00e9phants, grands singes et autres esp\u00e8ces embl\u00e9matiques menac\u00e9es. La reconnaissance de la situation critique des \u00e9l\u00e9phants et grands singes et de leur r\u00f4le [&hellip;]","protected":false},"author":1,"featured_media":113,"parent":0,"menu_order":0,"comment_status":"closed","ping_status":"closed","template":"","meta":{"footnotes":""},"class_list":["post-103","page","type-page","status-publish","has-post-thumbnail","hentry"],"_links":{"self":[{"href":"https:\/\/www.conservation-justice.org\/fr\/wp-json\/wp\/v2\/pages\/103","targetHints":{"allow":["GET"]}}],"collection":[{"href":"https:\/\/www.conservation-justice.org\/fr\/wp-json\/wp\/v2\/pages"}],"about":[{"href":"https:\/\/www.conservation-justice.org\/fr\/wp-json\/wp\/v2\/types\/page"}],"author":[{"embeddable":true,"href":"https:\/\/www.conservation-justice.org\/fr\/wp-json\/wp\/v2\/users\/1"}],"replies":[{"embeddable":true,"href":"https:\/\/www.conservation-justice.org\/fr\/wp-json\/wp\/v2\/comments?post=103"}],"version-history":[{"count":1,"href":"https:\/\/www.conservation-justice.org\/fr\/wp-json\/wp\/v2\/pages\/103\/revisions"}],"predecessor-version":[{"id":111,"href":"https:\/\/www.conservation-justice.org\/fr\/wp-json\/wp\/v2\/pages\/103\/revisions\/111"}],"wp:featuredmedia":[{"embeddable":true,"href":"https:\/\/www.conservation-justice.org\/fr\/wp-json\/wp\/v2\/media\/113"}],"wp:attachment":[{"href":"https:\/\/www.conservation-justice.org\/fr\/wp-json\/wp\/v2\/media?parent=103"}],"curies":[{"name":"wp","href":"https:\/\/api.w.org\/{rel}","templated":true}]}}