{"id":812,"date":"2020-07-23T11:25:52","date_gmt":"2020-07-23T09:25:52","guid":{"rendered":"http:\/\/www.conservation-justice.org\/donateurs\/projets-regionaux\/"},"modified":"2025-09-15T19:38:40","modified_gmt":"2025-09-15T17:38:40","slug":"projets-regionaux","status":"publish","type":"page","link":"https:\/\/www.conservation-justice.org\/en\/donateurs\/projets-regionaux\/","title":{"rendered":"EAGLE funding"},"content":{"rendered":"\n<blockquote class=\"wp-block-quote is-layout-flow wp-block-quote-is-layout-flow\"><p>Les financements sont \u00e9galement obtenus \u00e0 travers le r\u00e9seau EAGLE dont le projet AALF de Conservation Justice est membre.<\/p><\/blockquote>\n\n\n\n<div class=\"wp-block-image mobile\"><figure class=\"alignleft size-large\"><img loading=\"lazy\" decoding=\"async\" width=\"118\" height=\"119\" src=\"http:\/\/www.conservation-justice.org\/wp-content\/uploads\/2020\/07\/laga.jpg\" alt=\"\" class=\"wp-image-133\" srcset=\"https:\/\/www.conservation-justice.org\/wp-content\/uploads\/2020\/07\/laga.jpg 118w, https:\/\/www.conservation-justice.org\/wp-content\/uploads\/2020\/07\/laga-80x80.jpg 80w\" sizes=\"auto, (max-width: 118px) 100vw, 118px\" \/><\/figure><\/div>\n\n\n\n<p>L\u2019ONG&nbsp;<strong><a href=\"http:\/\/www.laga-enforcement.org\">LAGA<\/a><\/strong>&nbsp;a \u00e9t\u00e9 cr\u00e9\u00e9e en 2003 en tant que nouveau mod\u00e8le de collaboration ONG-Gouvernement en faveur du renforcement de la loi sur la faune. Ce mod\u00e8le ayant fait ses preuves, d\u2019autres projets ont \u00e9t\u00e9 initi\u00e9s avec l\u2019appui de LAGA afin de lutter contre la criminalit\u00e9 faunique en Afrique centrale, et donc contre la corruption. <\/p>\n\n\n\n<div class=\"wp-block-image mobile\"><figure class=\"alignleft size-large\"><img loading=\"lazy\" decoding=\"async\" width=\"118\" height=\"85\" src=\"http:\/\/www.conservation-justice.org\/wp-content\/uploads\/2020\/08\/logo-reseau-eagle-1.jpg\" alt=\"\" class=\"wp-image-769\"\/><\/figure><\/div>\n\n\n\n<p class=\"has-text-align-left\">Ces projets ont \u00e9t\u00e9 regroup\u00e9s au sein du r\u00e9seau <strong><a href=\"http:\/\/www.eagle-enforcement.org\">EAGLE<\/a><\/strong> (Eco Activists for Governance and Law Enforcement), actuellement actif au Cameroun, au Congo, au Gabon, au S\u00e9n\u00e9gal, au Togo, au B\u00e9nin, au Burkina Faso, en C\u00f4te d&#8217;Ivoire et en Ouganda.<\/p>\n\n\n\n<p><\/p>\n","protected":false},"excerpt":{"rendered":"Les financements sont \u00e9galement obtenus \u00e0 travers le r\u00e9seau EAGLE dont le projet AALF de Conservation Justice est membre. L\u2019ONG&nbsp;LAGA&nbsp;a \u00e9t\u00e9 cr\u00e9\u00e9e en 2003 en tant que nouveau mod\u00e8le de collaboration ONG-Gouvernement en faveur du renforcement de la loi sur la faune. Ce mod\u00e8le ayant fait ses preuves, d\u2019autres projets ont \u00e9t\u00e9 initi\u00e9s avec l\u2019appui [&hellip;]","protected":false},"author":1,"featured_media":140,"parent":811,"menu_order":0,"comment_status":"closed","ping_status":"closed","template":"","meta":{"footnotes":""},"class_list":["post-812","page","type-page","status-publish","has-post-thumbnail","hentry"],"_links":{"self":[{"href":"https:\/\/www.conservation-justice.org\/en\/wp-json\/wp\/v2\/pages\/812","targetHints":{"allow":["GET"]}}],"collection":[{"href":"https:\/\/www.conservation-justice.org\/en\/wp-json\/wp\/v2\/pages"}],"about":[{"href":"https:\/\/www.conservation-justice.org\/en\/wp-json\/wp\/v2\/types\/page"}],"author":[{"embeddable":true,"href":"https:\/\/www.conservation-justice.org\/en\/wp-json\/wp\/v2\/users\/1"}],"replies":[{"embeddable":true,"href":"https:\/\/www.conservation-justice.org\/en\/wp-json\/wp\/v2\/comments?post=812"}],"version-history":[{"count":1,"href":"https:\/\/www.conservation-justice.org\/en\/wp-json\/wp\/v2\/pages\/812\/revisions"}],"predecessor-version":[{"id":814,"href":"https:\/\/www.conservation-justice.org\/en\/wp-json\/wp\/v2\/pages\/812\/revisions\/814"}],"up":[{"embeddable":true,"href":"https:\/\/www.conservation-justice.org\/en\/wp-json\/wp\/v2\/pages\/811"}],"wp:featuredmedia":[{"embeddable":true,"href":"https:\/\/www.conservation-justice.org\/en\/wp-json\/wp\/v2\/media\/140"}],"wp:attachment":[{"href":"https:\/\/www.conservation-justice.org\/en\/wp-json\/wp\/v2\/media?parent=812"}],"curies":[{"name":"wp","href":"https:\/\/api.w.org\/{rel}","templated":true}]}}