{"id":820,"date":"2020-07-22T15:37:48","date_gmt":"2020-07-22T13:37:48","guid":{"rendered":"http:\/\/www.conservation-justice.org\/politique-sur-les-cookies\/"},"modified":"2020-08-10T12:49:23","modified_gmt":"2020-08-10T10:49:23","slug":"politique-sur-les-cookies","status":"publish","type":"page","link":"http:\/\/www.conservation-justice.org\/en\/politique-sur-les-cookies\/","title":{"rendered":"Cookies policy"},"content":{"rendered":"\n<blockquote class=\"wp-block-quote is-layout-flow wp-block-quote-is-layout-flow\"><p>La navigation sur le site www.conservation-justice.org est susceptible de provoquer l\u2019installation de cookies sur l\u2019ordinateur de l\u2019utilisateur.<\/p><\/blockquote>\n\n\n\n<p>Un cookie est un fichier de petite taille, qui ne permet pas l\u2019identification de l\u2019utilisateur, mais qui enregistre des informations relatives \u00e0 la navigation sur un site. Les donn\u00e9es ainsi obtenues visent \u00e0 faciliter la navigation ult\u00e9rieure sur le site, et ont \u00e9galement vocation \u00e0 permettre diverses mesures de fr\u00e9quentation.<\/p>\n\n\n\n<p>Le refus d\u2019installation d\u2019un cookie peut entra\u00eener l\u2019impossibilit\u00e9 d\u2019acc\u00e9der \u00e0 certains services. L\u2019utilisateur peut toutefois configurer son ordinateur de la mani\u00e8re suivante, pour&nbsp;<strong>refuser l\u2019installation des cookies<\/strong>.<\/p>\n\n\n\n<h4 class=\"wp-block-heading\">Sous Internet Explorer<\/h4>\n\n\n\n<p>Onglet outil (pictogramme en forme de nuage en haut \u00e0 droite)\/options internet. Cliquez sur Confidentialit\u00e9 et choisissez Bloquer tous les cookies. Validez sur Ok.<\/p>\n\n\n\n<h4 class=\"wp-block-heading\">Sous Firefox<\/h4>\n\n\n\n<p>En haut de la fen\u00eatre du navigateur, cliquez sur le bouton Firefox, puis aller dans l\u2019onglet Options. Cliquez sur l\u2019onglet Vie priv\u00e9e. Param\u00e9trez les R\u00e8gles de conservation sur : utiliser les param\u00e8tres personnalis\u00e9s pour l\u2019historique. Enfin d\u00e9cochez-la pour d\u00e9sactiver les cookies.<\/p>\n\n\n\n<h4 class=\"wp-block-heading\">Sous Safari<\/h4>\n\n\n\n<p>En haut de la fen\u00eatre du navigateur cliquez sur le lien Safari, puis s\u00e9lectionnez Pr\u00e9f\u00e9rences. Cliquez sur l\u2019onglet Confidentialit\u00e9. Dans le champ Cookies et autres donn\u00e9es de sites web, vous pouvez bloquer les cookies.<\/p>\n\n\n\n<h4 class=\"wp-block-heading\">Sous Chrome<\/h4>\n\n\n\n<p>Cliquez en haut \u00e0 droite du navigateur sur le pictogramme de menu (symbolis\u00e9 par trois lignes horizontales). S\u00e9lectionnez Param\u00e8tres. Cliquez sur Afficher les param\u00e8tres avanc\u00e9s. Dans la section Confidentialit\u00e9, cliquez sur pr\u00e9f\u00e9rences. Dans l\u2019onglet Confidentialit\u00e9, vous pouvez bloquer les cookies.<\/p>\n\n\n\n<h4 class=\"wp-block-heading\">Sous Opera<\/h4>\n\n\n\n<p>En haut de la fen\u00eatre du navigateur cliquez sur le lien Opera, puis aller dans l\u2019onglet Pr\u00e9f\u00e9rences. Cliquez sur le lien Basique. Dans la section Cookies, cochez sur Bloquer les cookies de tierces parties et les donn\u00e9es de site pour bloquer les cookies.<\/p>\n","protected":false},"excerpt":{"rendered":"La navigation sur le site www.conservation-justice.org est susceptible de provoquer l\u2019installation de cookies sur l\u2019ordinateur de l\u2019utilisateur. Un cookie est un fichier de petite taille, qui ne permet pas l\u2019identification de l\u2019utilisateur, mais qui enregistre des informations relatives \u00e0 la navigation sur un site. Les donn\u00e9es ainsi obtenues visent \u00e0 faciliter la navigation ult\u00e9rieure sur [&hellip;]","protected":false},"author":1,"featured_media":54,"parent":0,"menu_order":0,"comment_status":"closed","ping_status":"closed","template":"","meta":{"footnotes":""},"class_list":["post-820","page","type-page","status-publish","has-post-thumbnail","hentry"],"_links":{"self":[{"href":"http:\/\/www.conservation-justice.org\/en\/wp-json\/wp\/v2\/pages\/820","targetHints":{"allow":["GET"]}}],"collection":[{"href":"http:\/\/www.conservation-justice.org\/en\/wp-json\/wp\/v2\/pages"}],"about":[{"href":"http:\/\/www.conservation-justice.org\/en\/wp-json\/wp\/v2\/types\/page"}],"author":[{"embeddable":true,"href":"http:\/\/www.conservation-justice.org\/en\/wp-json\/wp\/v2\/users\/1"}],"replies":[{"embeddable":true,"href":"http:\/\/www.conservation-justice.org\/en\/wp-json\/wp\/v2\/comments?post=820"}],"version-history":[{"count":1,"href":"http:\/\/www.conservation-justice.org\/en\/wp-json\/wp\/v2\/pages\/820\/revisions"}],"predecessor-version":[{"id":828,"href":"http:\/\/www.conservation-justice.org\/en\/wp-json\/wp\/v2\/pages\/820\/revisions\/828"}],"wp:featuredmedia":[{"embeddable":true,"href":"http:\/\/www.conservation-justice.org\/en\/wp-json\/wp\/v2\/media\/54"}],"wp:attachment":[{"href":"http:\/\/www.conservation-justice.org\/en\/wp-json\/wp\/v2\/media?parent=820"}],"curies":[{"name":"wp","href":"https:\/\/api.w.org\/{rel}","templated":true}]}}